{"id":20612,"date":"2024-10-22T15:44:08","date_gmt":"2024-10-22T15:44:08","guid":{"rendered":"https:\/\/allheartcare.com\/aviso-acerca-de-los-requisitos\/"},"modified":"2024-10-22T16:25:17","modified_gmt":"2024-10-22T16:25:17","slug":"aviso-acerca-de-los-requisitos","status":"publish","type":"page","link":"https:\/\/allheartcare.com\/es\/aviso-acerca-de-los-requisitos\/","title":{"rendered":"Aviso Acerca de los Requisitos"},"content":{"rendered":"\n<div style=\"height:180px\" aria-hidden=\"true\" class=\"wp-block-spacer\"><\/div>\n\n<p><strong>Aviso Acerca de los Requisitos de No discriminaci\u00f3n y Accesibilidad<\/strong><\/p>\n\n<p><strong>La Discriminaci\u00f3n Va Contra la Ley<\/strong><\/p>\n\n<p>All Heart Homecare Agency cumple con las leyes federales de derechos civiles aplicables y no discrimina por motivos de raza, color, origen nacional, edad, discapacidad o sexo, de conformidad con el alcance de la discriminaci\u00f3n sexual como se describe en 45 CFR \u00a7 92.101(a)(2). All Heart Homecare Agency no excluye a las personas ni las trata de manera diferente por motivos de su raza, color, origen nacional, edad, discapacidad o sexo. <\/p>\n\n<p><strong>Ayudas y Servicios Auxiliares para Personas con Discapacidad<\/strong><br\/>All Heart Homecare Agency propirciona modificaciones razonables y ayudas y servicios auxiliares gratuitos para garantizar una comunicaci\u00f3n eficaz con personas con discapacidades. Esto incluye: <\/p>\n\n<ul class=\"wp-block-list\">\n<li>Int\u00e9rpretes de lenguaje de se\u00f1as calificados<\/li>\n\n\n\n<li>Informaci\u00f3n escrita en formatos alternativos (letra grande, audio, formatos electr\u00f3nicos accesibles, otros formatos).<\/li>\n<\/ul>\n\n<p><strong>Servicios de Asistencia Ling\u00fc\u00edstica para Personas con Dominio Limitado del Ingl\u00e9s (LEP)<\/strong><br\/>All Heart Homecare Agency proporciona servicios gratuitos de idiomas para las personas cuyo primer idioma no es el ingl\u00e9s. Esto podr\u00eda incluir: <\/p>\n\n<ul class=\"wp-block-list\">\n<li>Int\u00e9rpretes calificados<\/li>\n\n\n\n<li>Informaci\u00f3n escrita en otros idiomas.<\/li>\n<\/ul>\n\n<p><strong>Informaci\u00f3n de Contacto para Obtener Ayuda<\/strong><br\/>Si necesita modificaciones razonables, ayudas y servicios auxiliares o servicios de asistencia ling\u00fc\u00edstica, comun\u00edquese con el Coordinador de la Secci\u00f3n 1557:<\/p>\n\n<p>Sr. Charlie Meyer, Coordinador de la Secci\u00f3n 1557<br\/>Email: compliance@allheartcare.com<br\/>Tel\u00e9fono:<\/p>\n\n<p><strong>Procedimiento de Quejas<\/strong><br\/>Si usted cree que la Agencia All Heart Homecare no ha brindado estos servicios o le ha discriminado por motivos de raza, color, origen nacional, edad, discapacidad o sexo, puede presentar una queja con:<\/p>\n\n<p><a><\/a> Sr. Charlie Meyer<br\/>Coordinador de la Secci\u00f3n 1557<br\/>1664 East 14th Street<br\/>Brooklyn, NY 11229<br\/>Tel\u00e9fono: 718-627-0300, ext. 3585<br\/>Email: compliance@allheartcare.com<\/p>\n\n<p>Puede presentar una queja en persona, por correo, fax o correo electr\u00f3nico. Si necesita ayuda para presentar una queja, el Sr. Charlie Meyer est\u00e1 disponible para ayudarle. <\/p>\n\n<p><strong>C\u00f3mo presentar una queja ante el Departamento de Salud y Servicios Humanos de EE. UU.<\/strong><br\/>Tambi\u00e9n puede presentar una queja de derechos civiles ante el Departamento de Salud y Servicios Humanos de EE. UU., Oficina de Derechos Civiles, de forma electr\u00f3nica a trav\u00e9s de su portal de quejas en: <a href=\"https:\/\/ocrportal.hhs.gov\/ocr\/portal\/lobby.jsf\">https:\/\/ocrportal.hhs.gov\/ocr\/portal\/lobby.js<\/a>f, o por correo o por tel\u00e9fono a:<\/p>\n\n<p><strong>Departamento de Salud y Servicios Humanos de EE. UU.<\/strong><br\/>200 Independence Avenue, SW<br\/>Sala 509F, Edificio HHH<br\/>Washington, D.C. 20201<br\/>Tel\u00e9fono: 1-800-368-1019<br\/>TDD: 1-800-537-7697<\/p>\n\n<p>Los formularios de quejas est\u00e1n disponibles en<a href=\"http:\/\/www.hhs.gov\/ocr\/office\/file\/index.html\"> http:\/\/www.hhs.gov\/ocr\/office\/file\/index.html<\/a>.<\/p>\n\n<p>All materials \u00a9 2017 All Heart Homecare Agency, Inc. unless otherwise noted. All rights reserved <\/p>\n","protected":false},"excerpt":{"rendered":"<p>Aviso Acerca de los Requisitos de No discriminaci\u00f3n y Accesibilidad La Discriminaci\u00f3n Va Contra la Ley All Heart Homecare Agency cumple con las leyes federales de derechos civiles aplicables y no discrimina por motivos de raza, color, origen nacional, edad, discapacidad o sexo, de conformidad con el alcance de la discriminaci\u00f3n sexual como se describe&hellip;<\/p>\n","protected":false},"author":2,"featured_media":11309,"parent":0,"menu_order":0,"comment_status":"closed","ping_status":"closed","template":"..\/public\/views\/revslider-page-template.php","meta":{"_acf_changed":false,"footnotes":""},"class_list":["post-20612","page","type-page","status-publish","has-post-thumbnail","hentry","description-off"],"acf":[],"yoast_head":"<!-- This site is optimized with the Yoast SEO plugin v27.3 - https:\/\/yoast.com\/product\/yoast-seo-wordpress\/ -->\n<title>Aviso Acerca de los Requisitos - All Heart Homecare agency<\/title>\n<meta name=\"description\" content=\"Aviso Acerca de los Requisitos\" \/>\n<meta name=\"robots\" content=\"index, follow, max-snippet:-1, max-image-preview:large, max-video-preview:-1\" \/>\n<link rel=\"canonical\" href=\"https:\/\/allheartcare.com\/es\/aviso-acerca-de-los-requisitos\/\" \/>\n<meta property=\"og:locale\" content=\"es_ES\" \/>\n<meta property=\"og:type\" content=\"article\" \/>\n<meta property=\"og:title\" content=\"Aviso Acerca de los Requisitos - All Heart Homecare agency\" \/>\n<meta property=\"og:description\" content=\"Aviso Acerca de los Requisitos\" \/>\n<meta property=\"og:url\" content=\"https:\/\/allheartcare.com\/es\/aviso-acerca-de-los-requisitos\/\" \/>\n<meta property=\"og:site_name\" content=\"All Heart Homecare agency\" \/>\n<meta property=\"article:modified_time\" content=\"2024-10-22T16:25:17+00:00\" \/>\n<meta property=\"og:image\" content=\"https:\/\/allheartcare.com\/wp-content\/uploads\/2023\/06\/8.png\" \/>\n\t<meta property=\"og:image:width\" content=\"1640\" \/>\n\t<meta property=\"og:image:height\" content=\"924\" \/>\n\t<meta property=\"og:image:type\" content=\"image\/png\" \/>\n<meta name=\"twitter:card\" content=\"summary_large_image\" \/>\n<meta name=\"twitter:label1\" content=\"Tiempo de lectura\" \/>\n\t<meta name=\"twitter:data1\" content=\"2 minutos\" \/>\n<script type=\"application\/ld+json\" class=\"yoast-schema-graph\">{\"@context\":\"https:\\\/\\\/schema.org\",\"@graph\":[{\"@type\":\"WebPage\",\"@id\":\"https:\\\/\\\/allheartcare.com\\\/es\\\/aviso-acerca-de-los-requisitos\\\/\",\"url\":\"https:\\\/\\\/allheartcare.com\\\/es\\\/aviso-acerca-de-los-requisitos\\\/\",\"name\":\"Aviso Acerca de los Requisitos - All Heart Homecare agency\",\"isPartOf\":{\"@id\":\"https:\\\/\\\/allheartcare.com\\\/es\\\/#website\"},\"primaryImageOfPage\":{\"@id\":\"https:\\\/\\\/allheartcare.com\\\/es\\\/aviso-acerca-de-los-requisitos\\\/#primaryimage\"},\"image\":{\"@id\":\"https:\\\/\\\/allheartcare.com\\\/es\\\/aviso-acerca-de-los-requisitos\\\/#primaryimage\"},\"thumbnailUrl\":\"https:\\\/\\\/allheartcare.com\\\/wp-content\\\/uploads\\\/2023\\\/06\\\/8.png\",\"datePublished\":\"2024-10-22T15:44:08+00:00\",\"dateModified\":\"2024-10-22T16:25:17+00:00\",\"description\":\"Aviso Acerca de los Requisitos\",\"inLanguage\":\"es\",\"potentialAction\":[{\"@type\":\"ReadAction\",\"target\":[\"https:\\\/\\\/allheartcare.com\\\/es\\\/aviso-acerca-de-los-requisitos\\\/\"]}]},{\"@type\":\"ImageObject\",\"inLanguage\":\"es\",\"@id\":\"https:\\\/\\\/allheartcare.com\\\/es\\\/aviso-acerca-de-los-requisitos\\\/#primaryimage\",\"url\":\"https:\\\/\\\/allheartcare.com\\\/wp-content\\\/uploads\\\/2023\\\/06\\\/8.png\",\"contentUrl\":\"https:\\\/\\\/allheartcare.com\\\/wp-content\\\/uploads\\\/2023\\\/06\\\/8.png\",\"width\":1640,\"height\":924,\"caption\":\"private pay home care\"},{\"@type\":\"WebSite\",\"@id\":\"https:\\\/\\\/allheartcare.com\\\/es\\\/#website\",\"url\":\"https:\\\/\\\/allheartcare.com\\\/es\\\/\",\"name\":\"All Heart Homecare agency\",\"description\":\"\",\"publisher\":{\"@id\":\"https:\\\/\\\/allheartcare.com\\\/es\\\/#organization\"},\"potentialAction\":[{\"@type\":\"SearchAction\",\"target\":{\"@type\":\"EntryPoint\",\"urlTemplate\":\"https:\\\/\\\/allheartcare.com\\\/es\\\/?s={search_term_string}\"},\"query-input\":{\"@type\":\"PropertyValueSpecification\",\"valueRequired\":true,\"valueName\":\"search_term_string\"}}],\"inLanguage\":\"es\"},{\"@type\":\"Organization\",\"@id\":\"https:\\\/\\\/allheartcare.com\\\/es\\\/#organization\",\"name\":\"All Heart Homecare agency\",\"url\":\"https:\\\/\\\/allheartcare.com\\\/es\\\/\",\"logo\":{\"@type\":\"ImageObject\",\"inLanguage\":\"es\",\"@id\":\"https:\\\/\\\/allheartcare.com\\\/es\\\/#\\\/schema\\\/logo\\\/image\\\/\",\"url\":\"https:\\\/\\\/allheartcare.com\\\/wp-content\\\/uploads\\\/2021\\\/12\\\/Logo_All-Heart-e1686061502290.png\",\"contentUrl\":\"https:\\\/\\\/allheartcare.com\\\/wp-content\\\/uploads\\\/2021\\\/12\\\/Logo_All-Heart-e1686061502290.png\",\"width\":300,\"height\":136,\"caption\":\"All Heart Homecare agency\"},\"image\":{\"@id\":\"https:\\\/\\\/allheartcare.com\\\/es\\\/#\\\/schema\\\/logo\\\/image\\\/\"}}]}<\/script>\n<!-- \/ Yoast SEO plugin. -->","yoast_head_json":{"title":"Aviso Acerca de los Requisitos - All Heart Homecare agency","description":"Aviso Acerca de los Requisitos","robots":{"index":"index","follow":"follow","max-snippet":"max-snippet:-1","max-image-preview":"max-image-preview:large","max-video-preview":"max-video-preview:-1"},"canonical":"https:\/\/allheartcare.com\/es\/aviso-acerca-de-los-requisitos\/","og_locale":"es_ES","og_type":"article","og_title":"Aviso Acerca de los Requisitos - All Heart Homecare agency","og_description":"Aviso Acerca de los Requisitos","og_url":"https:\/\/allheartcare.com\/es\/aviso-acerca-de-los-requisitos\/","og_site_name":"All Heart Homecare agency","article_modified_time":"2024-10-22T16:25:17+00:00","og_image":[{"width":1640,"height":924,"url":"https:\/\/allheartcare.com\/wp-content\/uploads\/2023\/06\/8.png","type":"image\/png"}],"twitter_card":"summary_large_image","twitter_misc":{"Tiempo de lectura":"2 minutos"},"schema":{"@context":"https:\/\/schema.org","@graph":[{"@type":"WebPage","@id":"https:\/\/allheartcare.com\/es\/aviso-acerca-de-los-requisitos\/","url":"https:\/\/allheartcare.com\/es\/aviso-acerca-de-los-requisitos\/","name":"Aviso Acerca de los Requisitos - All Heart Homecare agency","isPartOf":{"@id":"https:\/\/allheartcare.com\/es\/#website"},"primaryImageOfPage":{"@id":"https:\/\/allheartcare.com\/es\/aviso-acerca-de-los-requisitos\/#primaryimage"},"image":{"@id":"https:\/\/allheartcare.com\/es\/aviso-acerca-de-los-requisitos\/#primaryimage"},"thumbnailUrl":"https:\/\/allheartcare.com\/wp-content\/uploads\/2023\/06\/8.png","datePublished":"2024-10-22T15:44:08+00:00","dateModified":"2024-10-22T16:25:17+00:00","description":"Aviso Acerca de los Requisitos","inLanguage":"es","potentialAction":[{"@type":"ReadAction","target":["https:\/\/allheartcare.com\/es\/aviso-acerca-de-los-requisitos\/"]}]},{"@type":"ImageObject","inLanguage":"es","@id":"https:\/\/allheartcare.com\/es\/aviso-acerca-de-los-requisitos\/#primaryimage","url":"https:\/\/allheartcare.com\/wp-content\/uploads\/2023\/06\/8.png","contentUrl":"https:\/\/allheartcare.com\/wp-content\/uploads\/2023\/06\/8.png","width":1640,"height":924,"caption":"private pay home care"},{"@type":"WebSite","@id":"https:\/\/allheartcare.com\/es\/#website","url":"https:\/\/allheartcare.com\/es\/","name":"All Heart Homecare agency","description":"","publisher":{"@id":"https:\/\/allheartcare.com\/es\/#organization"},"potentialAction":[{"@type":"SearchAction","target":{"@type":"EntryPoint","urlTemplate":"https:\/\/allheartcare.com\/es\/?s={search_term_string}"},"query-input":{"@type":"PropertyValueSpecification","valueRequired":true,"valueName":"search_term_string"}}],"inLanguage":"es"},{"@type":"Organization","@id":"https:\/\/allheartcare.com\/es\/#organization","name":"All Heart Homecare agency","url":"https:\/\/allheartcare.com\/es\/","logo":{"@type":"ImageObject","inLanguage":"es","@id":"https:\/\/allheartcare.com\/es\/#\/schema\/logo\/image\/","url":"https:\/\/allheartcare.com\/wp-content\/uploads\/2021\/12\/Logo_All-Heart-e1686061502290.png","contentUrl":"https:\/\/allheartcare.com\/wp-content\/uploads\/2021\/12\/Logo_All-Heart-e1686061502290.png","width":300,"height":136,"caption":"All Heart Homecare agency"},"image":{"@id":"https:\/\/allheartcare.com\/es\/#\/schema\/logo\/image\/"}}]}},"_links":{"self":[{"href":"https:\/\/allheartcare.com\/es\/wp-json\/wp\/v2\/pages\/20612","targetHints":{"allow":["GET"]}}],"collection":[{"href":"https:\/\/allheartcare.com\/es\/wp-json\/wp\/v2\/pages"}],"about":[{"href":"https:\/\/allheartcare.com\/es\/wp-json\/wp\/v2\/types\/page"}],"author":[{"embeddable":true,"href":"https:\/\/allheartcare.com\/es\/wp-json\/wp\/v2\/users\/2"}],"replies":[{"embeddable":true,"href":"https:\/\/allheartcare.com\/es\/wp-json\/wp\/v2\/comments?post=20612"}],"version-history":[{"count":1,"href":"https:\/\/allheartcare.com\/es\/wp-json\/wp\/v2\/pages\/20612\/revisions"}],"predecessor-version":[{"id":20613,"href":"https:\/\/allheartcare.com\/es\/wp-json\/wp\/v2\/pages\/20612\/revisions\/20613"}],"wp:featuredmedia":[{"embeddable":true,"href":"https:\/\/allheartcare.com\/es\/wp-json\/wp\/v2\/media\/11309"}],"wp:attachment":[{"href":"https:\/\/allheartcare.com\/es\/wp-json\/wp\/v2\/media?parent=20612"}],"curies":[{"name":"wp","href":"https:\/\/api.w.org\/{rel}","templated":true}]}}